{"id":1421,"date":"2020-02-21T04:24:57","date_gmt":"2020-02-21T03:24:57","guid":{"rendered":"https:\/\/lockmypix.com\/?page_id=1421"},"modified":"2020-02-21T04:29:03","modified_gmt":"2020-02-21T03:29:03","slug":"tos","status":"publish","type":"page","link":"https:\/\/lockmypix.com\/de\/tos\/","title":{"rendered":"Nutzungsbedingungen In-App K\u00e4ufe"},"content":{"rendered":"<div id=\"pl-1421\"  class=\"panel-layout\" ><div id=\"pg-1421-0\"  class=\"panel-grid panel-no-style\" ><div id=\"pgc-1421-0-0\"  class=\"panel-grid-cell\" ><div id=\"panel-1421-0-0-0\" class=\"so-panel widget widget_sow-editor panel-first-child panel-last-child\" data-index=\"0\" ><div\n\t\t\t\n\t\t\tclass=\"so-widget-sow-editor so-widget-sow-editor-base\"\n\t\t\t\n\t\t>\n<div class=\"siteorigin-widget-tinymce textwidget\">\n\t<p>Ein Abonnement wird \u00fcber Deinen iTunes Account oder Google Play Account abgeschlossen und verl\u00e4ngert sich automatisch zum Ende der Laufzeit, wenn nicht anders angegeben. Wird ein Abonnement innerhalb der Testphase, sofern zutreffend, deaktiviert, fallen keinerlei Kosten an. Abonnements k\u00f6nnen in den Einstellungen Deines iTunes Accounts deaktiviert werden oder innerhalb der Google Play App.<\/p>\n<p>Um die Verl\u00e4ngerung eines Abonnements zu vermeiden, musst Du dieses mindestens 24 Stunden vor Ablauf der aktuellen Laufzeit deaktivieren. F\u00fcr deaktivierte Abonnements fallen keine Kosten an. Eine Deaktivierung ist stets kostenfrei. F\u00fcr ungenutzte Zeitr\u00e4ume k\u00f6nnen keine R\u00fcckerstattungen geleistet werden.<\/p>\n<p>Bei Fragen kannst Du jederzeit an unseren Support schreiben <i>support@lockmypix.com<\/i><\/p>\n<\/div>\n<\/div><\/div><\/div><\/div><\/div>","protected":false},"excerpt":{"rendered":"<p>Ein Abonnement wird \u00fcber Deinen iTunes Account oder Google Play Account abgeschlossen und verl\u00e4ngert sich automatisch zum Ende der Laufzeit, wenn nicht anders angegeben. Wird ein Abonnement innerhalb der Testphase, sofern zutreffend, deaktiviert, fallen keinerlei Kosten an. Abonnements k\u00f6nnen in den Einstellungen Deines iTunes Accounts deaktiviert werden oder innerhalb der Google Play App. Um die Verl\u00e4ngerung eines Abonnements zu vermeiden, musst Du dieses mindestens 24 Stunden vor Ablauf der aktuellen Laufzeit deaktivieren. F\u00fcr deaktivierte Abonnements [&hellip;]<\/p>\n","protected":false},"author":1,"featured_media":0,"parent":0,"menu_order":0,"comment_status":"closed","ping_status":"closed","template":"","meta":{"footnotes":""},"class_list":["post-1421","page","type-page","status-publish","hentry","post"],"_links":{"self":[{"href":"https:\/\/lockmypix.com\/de\/wp-json\/wp\/v2\/pages\/1421"}],"collection":[{"href":"https:\/\/lockmypix.com\/de\/wp-json\/wp\/v2\/pages"}],"about":[{"href":"https:\/\/lockmypix.com\/de\/wp-json\/wp\/v2\/types\/page"}],"author":[{"embeddable":true,"href":"https:\/\/lockmypix.com\/de\/wp-json\/wp\/v2\/users\/1"}],"replies":[{"embeddable":true,"href":"https:\/\/lockmypix.com\/de\/wp-json\/wp\/v2\/comments?post=1421"}],"version-history":[{"count":3,"href":"https:\/\/lockmypix.com\/de\/wp-json\/wp\/v2\/pages\/1421\/revisions"}],"predecessor-version":[{"id":1424,"href":"https:\/\/lockmypix.com\/de\/wp-json\/wp\/v2\/pages\/1421\/revisions\/1424"}],"wp:attachment":[{"href":"https:\/\/lockmypix.com\/de\/wp-json\/wp\/v2\/media?parent=1421"}],"curies":[{"name":"wp","href":"https:\/\/api.w.org\/{rel}","templated":true}]}}