{"id":657,"date":"2016-11-05T18:53:18","date_gmt":"2016-11-05T17:53:18","guid":{"rendered":"https:\/\/lockmypix.com\/?page_id=657"},"modified":"2021-11-17T14:51:03","modified_gmt":"2021-11-17T13:51:03","slug":"imprint","status":"publish","type":"page","link":"https:\/\/lockmypix.com\/de\/imprint\/","title":{"rendered":"Impressum"},"content":{"rendered":"<p>LockMyPix verschl\u00fcsselter Fototresor und Videotresor ist ein Angebot der <strong>LockMyPix GmbH &amp; Co. KG<\/strong><\/p>\n<p>Firmensitz:<br \/>\nAn der Autobahn 37<br \/>\n28876 Oyten<br \/>\nDEUTSCHLAND<\/p>\n<p>E-Mail: hello@lockmypix.com (kein Support)<br \/>\nF\u00fcr technische Fragen wenden Sie sich bitte direkt an <a href=\"mailto:support@lockmypix.com\">support@lockmypix.com<\/a><\/p>\n<p><strong>Vertreten durch<\/strong><br \/>\nLockMyPix Management GmbH (Handelsregister Walsrode HRB 208151), diese vertreten durch den Gesch\u00e4ftsf\u00fchrer Faraz Zolfaghari.<\/p>\n<p><strong>Sitz der Gesellschaft<\/strong><br \/>\nOyten, Deutschland<br \/>\nHandelsregister beim Amtsgericht Walsrode, HRA 204044<\/p>\n<p><strong>Umsatzsteuer-Identifikationsnummer<\/strong><br \/>\nDE 326 984 121<\/p>\n<p><strong>Inhaltlich Verantwortlich f\u00fcr Beitr\u00e4ge gem. \u00a7 55 Abs. 2 RStV:<\/strong><br \/>\nFaraz Zolfaghari<br \/>\nLockMyPix GmbH &amp; Co. KG<br \/>\nAn der Autobahn 37<br \/>\n28876 Oyten<br \/>\nDEUTSCHLAND<\/p>\n<p><strong>Haftungshinweis:<\/strong><br \/>\nDie LockMyPix GmbH &amp; Co. KG stellt die Inhalte dieser Internetseiten mit gr\u00f6\u00dfter Sorgfalt zusammen und sorgt f\u00fcr deren regelm\u00e4\u00dfige Aktualisierung. Die LockMyPix GmbH &amp; Co. KG \u00fcbernimmt keine Gew\u00e4hr f\u00fcr die Aktualit\u00e4t, Richtigkeit und Vollst\u00e4ndigkeit der Informationen auf diesen Seiten oder den jederzeitigen st\u00f6rungsfreien Zugang. Bei Verweisen (<em>Links<\/em>) auf Internetseiten Dritter \u00fcbernimmt die LockMyPix GmbH &amp; Co. KG keine Verantwortung f\u00fcr die Inhalte der verlinkten Seiten.<\/p>\n<p>Mit dem Bet\u00e4tigen eines Verweises der auf Internetseiten au\u00dferhalb unserer Internetseiten f\u00fchrt, verlassen Sie das Informationsangebot der LockMyPix GmbH &amp; Co. KG. F\u00fcr die Angebote Dritter k\u00f6nnen daher abweichende Regelungen gelten, insbesondere hinsichtlich des Datenschutzes.<\/p>\n<p><strong>Schlichtung<\/strong><br \/>\nDie Europ\u00e4ische Kommission stellt eine Plattform zur Online-Streitbeilegung (OS) bereit, die Sie unter http:\/\/ec.europa.eu\/consumers\/odr\/ finden. Zur Teilnahme an einem Streitbeilegungsverfahren vor einer Verbraucherschlichtungsstelle sind wir nicht verpflichtet.<\/p>","protected":false},"excerpt":{"rendered":"<p>LockMyPix verschl\u00fcsselter Fototresor und Videotresor ist ein Angebot der LockMyPix GmbH &amp; Co. KG Firmensitz: An der Autobahn 37 28876 Oyten DEUTSCHLAND E-Mail: hello@lockmypix.com (kein Support) F\u00fcr technische Fragen wenden Sie sich bitte direkt an support@lockmypix.com Vertreten durch LockMyPix Management GmbH (Handelsregister Walsrode HRB 208151), diese vertreten durch den Gesch\u00e4ftsf\u00fchrer Faraz Zolfaghari. Sitz der Gesellschaft Oyten, Deutschland Handelsregister beim Amtsgericht Walsrode, HRA 204044 Umsatzsteuer-Identifikationsnummer DE 326 984 121 Inhaltlich Verantwortlich f\u00fcr Beitr\u00e4ge gem. \u00a7 55 [&hellip;]<\/p>\n","protected":false},"author":1,"featured_media":0,"parent":0,"menu_order":2,"comment_status":"closed","ping_status":"closed","template":"","meta":{"footnotes":""},"class_list":["post-657","page","type-page","status-publish","hentry","post"],"_links":{"self":[{"href":"https:\/\/lockmypix.com\/de\/wp-json\/wp\/v2\/pages\/657"}],"collection":[{"href":"https:\/\/lockmypix.com\/de\/wp-json\/wp\/v2\/pages"}],"about":[{"href":"https:\/\/lockmypix.com\/de\/wp-json\/wp\/v2\/types\/page"}],"author":[{"embeddable":true,"href":"https:\/\/lockmypix.com\/de\/wp-json\/wp\/v2\/users\/1"}],"replies":[{"embeddable":true,"href":"https:\/\/lockmypix.com\/de\/wp-json\/wp\/v2\/comments?post=657"}],"version-history":[{"count":33,"href":"https:\/\/lockmypix.com\/de\/wp-json\/wp\/v2\/pages\/657\/revisions"}],"predecessor-version":[{"id":1653,"href":"https:\/\/lockmypix.com\/de\/wp-json\/wp\/v2\/pages\/657\/revisions\/1653"}],"wp:attachment":[{"href":"https:\/\/lockmypix.com\/de\/wp-json\/wp\/v2\/media?parent=657"}],"curies":[{"name":"wp","href":"https:\/\/api.w.org\/{rel}","templated":true}]}}