{"id":875,"date":"2017-06-04T12:56:23","date_gmt":"2017-06-04T10:56:23","guid":{"rendered":"https:\/\/lockmypix.com\/?page_id=875"},"modified":"2021-10-11T10:37:45","modified_gmt":"2021-10-11T08:37:45","slug":"privacy","status":"publish","type":"page","link":"https:\/\/lockmypix.com\/de\/privacy\/","title":{"rendered":"Datenschutz"},"content":{"rendered":"<p>LockMyPix schreibt Datenschutz besonders gro\u00df. Wir unterliegen den strengen europ\u00e4ischen Datenschutzbestimmungen und versichern AES-Verschl\u00fcsselung f\u00fcr jede importierte Datei. Importierte Dateien werden niemals und unter keinen Umst\u00e4nden an unsere Server oder andere unbekannte Server gesendet.<br \/>\nDiese Datenschutzhinweise gelten f\u00fcr die Datenverarbeitung durch LockMyPix, juristisch verantwortlich: LockMyPix GmbH &#038; Co. KG, An der Autobahn 37, 28876 Oyten, Deutschland. E-Mail: hello@lockmypix.com (Kein technischer Support unter dieser Adresse!)<\/p>\n<p>&nbsp;<\/p>\n<h4>Allgemein<\/h4>\n<p>LockMyPix sammelt keinerlei private Daten oder wertet private Daten aus. Unsere Nutzer m\u00fcssen keine Adress- oder Kontaktdaten angeben die eventuell missbraucht oder weitergegeben werden k\u00f6nnten. Es werden keine Dateien oder sonstige Daten auf unsere Server \u00fcbermittelt oder ausgewertet oder ohne die Zustimmung unserer Nutzer auf Backupserver ausgelagert (Cloud-Sicherung). Transparenz ist eines unserer wichtigsten G\u00fcter, daher werden alle Dateien die in LockMyPix importiert werden, ausschlie\u00dflich lokal, also auf dem Endger\u00e4t, gespeichert. Wenn die LockMyPix Cloud aktiv ist, werden Dateien auf den privaten Google Drive \/ Dropbox Account \u00fcbertragen. Eine \u00dcbertragung auf andere Server erfolgt nicht.<\/p>\n<p>&nbsp;<\/p>\n<h4>Welche Daten erheben wir?<\/h4>\n<p>Automatisch erhobene, statistische Daten f\u00fcr die Weiterentwicklung und Optimierung unserer Angebote, werden grundlegend anonymisiert (IP-Adresse unbekannt) und werden ausschlie\u00dflich nur dann erhoben, wenn Sie unsere Website oder App aufrufen oder mit uns z.B. per E-Mail in Kontakt treten. Durch die Anonymisierung gibt es keinen Zusammenhang zwischen Ihrer Person und bspw. der Uhrzeit wann Sie unsere Website aufgerufen haben.<br \/>\nFolgende pers\u00f6nliche Daten erhalten wir eventuell bei der Kontaktaufnahme mit uns per E-Mail:<br \/>\n&#8211; Pers\u00f6nliche Angaben (z.B. Vor- und Nachnamen, Adresse, E-Mail-Adresse);<\/p>\n<p>Folgende pers\u00f6nliche Daten erhalten wir wenn Sie unsere Website aufrufen:<br \/>\n&#8211; z.B. Zuordnungsmerkmale mobiler Endger\u00e4te wie Useragent, Daten zu Ihren Besuchen auf unserer Website wie Uhrzeit oder aufgerufene Seiten, Endger\u00e4te mit denen Sie unsere Websitebesucht haben<\/p>\n<p>Folgende pers\u00f6nliche Daten erhalten wir wenn Sie die LockMyPix App auf Ihrem Endger\u00e4t aufrufen:<br \/>\n&#8211; z.B. Berichte \u00fcber Probleme w\u00e4hrend der Nutzung, Zuordnungsmerkmale mobiler Endger\u00e4te wie Hersteller &#038; Modell, Nutzungsdauer der Anwendung<\/p>\n<p>&nbsp;<\/p>\n<h4>Wer erh\u00e4lt ggf. statistisch erhobene, personenbezogene Daten?<\/h4>\n<p>Eine \u00dcbermittlung Ihrer pers\u00f6nlichen Daten an Dritte, nicht in dieser Datenschutzerkl\u00e4rung genannten Dienstleiter, findet ausnahmslos nicht statt. Falls einzelne Funktionen der LockMyPix Website oder App auf beauftragte Dienstleister zur\u00fcckgreifen, informieren wir Sie im Rahmen dieser Datenschutzerkl\u00e4rung im Detail \u00fcber die jeweiligen Vorg\u00e4nge.<\/p>\n<p>&nbsp;<\/p>\n<h4>Welchem Zweck dienen Ihre Daten und mit welcher Rechtfertigung d\u00fcrfen wir diese nutzen?<\/h4>\n<p>Automatisch erhobene, statistische Daten werden f\u00fcr die Weiterentwicklung und Optimierung unserer Angebote verwendet. Wenn Sie unsere Website ausschlie\u00dflich dazu nutzen, sich \u00fcber unsere Services zu informieren, erheben wir nur die personenbezogenen Daten, die Ihr Browser an unseren Server \u00fcbermittelt. Wenn Sie unsere Website betrachten m\u00f6chten, erheben wir die folgenden Daten, die f\u00fcr uns technisch erforderlich sind, um Ihnen unsere Website anzuzeigen und die Stabilit\u00e4t und Sicherheit zu gew\u00e4hrleisten (Art. 6 Abs. 1 S. 1 lit. f DSGVO):<\/p>\n<ul>\n<li>Datum und Uhrzeit der Anfrage<\/li>\n<li>Zeitzonendifferenz zur Greenwich Mean Time (GMT)<\/li>\n<li>Inhalt der Anforderung (konkrete Seite)<\/li>\n<li>Zugriffsstatus\/HTTP-Statuscode<\/li>\n<li>jeweils \u00fcbertragene Datenmenge<\/li>\n<li>Website, von der die Anforderung kommt<\/li>\n<li>Browser<\/li>\n<li>Betriebssystem und dessen Oberfl\u00e4che<\/li>\n<li>Sprache und Version der Browsersoftware.<\/li>\n<\/ul>\n<p>Zus\u00e4tzlich zu diesen Daten werden bei Ihrer Nutzung unserer Website auch Cookies auf Ihrem Rechner gespeichert. Bei Cookies handelt es sich um kleine Textdateien, die auf Ihrer Festplatte dem von Ihnen verwendeten Browser zugeordnet gespeichert werden und durch welche der Stelle, die den Cookie setzt (in diesem Falle durch uns), bestimmte Informationen zuflie\u00dfen. Cookies k\u00f6nnen keine Programme ausf\u00fchren oder Viren auf Ihren Computer \u00fcbertragen. Sie dienen einzig dazu, das Internetangebot insgesamt Nutzungsfreundlicher und effektiver zu machen.<\/p>\n<p>Einsatz von Cookies:<\/p>\n<ol>\n<li>Diese Website nutzt folgende Arten von Cookies, deren Umfang und Funktionsweise im Folgenden erl\u00e4utert werden:<\/li>\n<\/ol>\n<ul>\n<li>Transiente Cookies (dazu 2)<\/li>\n<li>Persistente Cookies (dazu 3).<\/li>\n<\/ul>\n<ol>\n<li value=\"2\">Transiente Cookies werden automatisiert gel\u00f6scht, wenn Sie den Browser schlie\u00dfen. Dazu z\u00e4hlen insbesondere die Session-Cookies. Diese speichern eine sogenannte Session-ID, mit welcher sich verschiedene Anfragen Ihres Browsers der gemeinsamen Sitzung zuordnen lassen. Dadurch kann Ihr Rechner wiedererkannt werden, wenn Sie auf unsere Website zur\u00fcckkehren. Die Session-Cookies werden gel\u00f6scht, wenn Sie sich ausloggen oder den Browser schlie\u00dfen.<\/li>\n<\/ol>\n<ol>\n<li value=\"3\">Persistente Cookies werden automatisiert nach einer vorgegebenen Dauer gel\u00f6scht, die sich je nach Cookie unterscheiden kann. Sie k\u00f6nnen die Cookies in den Sicherheitseinstellungen Ihres Browsers jederzeit l\u00f6schen.<\/li>\n<\/ol>\n<ol>\n<li value=\"4\">Sie k\u00f6nnen Ihre Browser-Einstellung entsprechend Ihren W\u00fcnschen konfigurieren und z.\u2009B. die Annahme von Third-Party-Cookies oder allen Cookies ablehnen. Wir weisen Sie darauf hin, dass Sie so dann eventuell nicht alle Funktionen dieser Website nutzen k\u00f6nnen.<\/li>\n<\/ol>\n<p>Wollen Sie per E-Mail oder \u00fcber unser Kontaktformular einen Termin vereinbaren oder eine Frage an uns richten, werden die von Ihnen mitgeteilten Daten (Ihre E-Mail-Adresse, ggf. Ihr Name und Ihre Telefonnummer) von uns gespeichert, um Ihnen einen Termin zuzuweisen oder Ihre Anfrage beantworten zu k\u00f6nnen. Die in diesem Zusammenhang anfallenden Daten l\u00f6schen wir, nachdem die Speicherung nicht mehr erforderlich ist, oder schr\u00e4nken die Verarbeitung ein, falls gesetzliche Aufbewahrungspflichten bestehen (Rechtsgrundlage ist Art. 6 Abs. 1 S. 1 lit. b DSGVO).<\/p>\n<p>&nbsp;<\/p>\n<h4>App-Berechtigungen<\/h4>\n<p>Alle App-Berechtigungen die f\u00fcr die korrekte Funktion von LockMyPix notwendig sind, werden nicht missbraucht oder anderweitig verwendet, als vorgesehen.<\/p>\n<p>&nbsp;<\/p>\n<h4>Passwortwiederherstellung<\/h4>\n<p>Dein LockMyPix Passwort ist privat und nur dir bekannt. LockMyPix speichert das Passwort nicht und kennt das Passwort nicht, sondern verwendet es f\u00fcr die Verschl\u00fcsselung deiner wichtigen Dateien. Um dein Passwort wiederherzustellen sofern du es einmal vergessen solltest, kannst du eine E-Mail Adresse hinterlegen. LockMyPix speichert dein Passwort dann verschl\u00fcsselt auf unseren Servern ohne die Zuweisung zu einem LockMyPix Datensafe oder die M\u00f6glichkeit irgendeinen R\u00fcckschluss zu erzeugen. Die angegebene E-Mail Adresse wird ausschlie\u00dflich f\u00fcr die Passwortwiederherstellung verwendet und nicht weitergegeben. Die Passwortwiederherstellung per E-Mail kannst du jederzeit in den Einstellungen deaktivieren und l\u00f6schen (ab V. 2.7.5 bzw. 4.5.4).<\/p>\n<p>&nbsp;<\/p>\n<h4>Google Analytics &#038; Firebase<\/h4>\n<p>LockMyPix verwendet zur Funktions- und Bug-Kontrolle die Dienste von Google Analytics und Google Firebase. Anbieter ist die Google Inc., 1600 Amphitheatre Parkway Mountain View, CA 94043, USA. Von Google werden eventuell Cookies auf dem Endger\u00e4t angelegt, um die Funktionalit\u00e4t zu gew\u00e4hrleisten. Die durch die Cookies gesammelten Informationen werden im Regelfall an einen Google-Server in den USA gesandt und dort gespeichert.<\/p>\n<p>Mehr Informationen zum Umgang mit Nutzerdaten bei Google Analytics und Google Firebase findest du in den Datenschutzerkl\u00e4rungen von Google: <a href=\"https:\/\/support.google.com\/analytics\/answer\/6004245?hl=de\" target=\"_blank\" rel=\"noopener noreferrer\">https:\/\/support.google.com\/analytics\/answer\/6004245?hl=de<\/a><\/p>\n<p>Die Funktions- und Bug-Kontrolle kann in den App-Einstellungen von LockMyPix deaktiviert werden.<br \/>\nDar\u00fcber hinaus kann im Google Konto grundlegend festlegt werden, wie Google mit Nutzerdaten umgehen darf.<\/p>\n<p>&nbsp;<\/p>\n<h4>Werbung<\/h4>\n<p>Sofern Werbung innerhalb von LockMyPix eingeblendet wird, wird die Werbeeinblendung von Google AdMob bzw. Google AdSense bereitgestellt. Anbieter ist die Google Inc., 1600 Amphitheatre Parkway Mountain View, CA 94043, USA. Von Google werden eventuell Cookies auf dem Endger\u00e4t angelegt, um die Funktionalit\u00e4t zu gew\u00e4hrleisten. Die durch die Cookies gesammelten Informationen werden im Regelfall an einen Google-Server in den USA gesandt und dort gespeichert.<\/p>\n<p>Mehr Informationen zum Umgang mit Nutzerdaten bei Google AdMob und Google AdSense findest du in den Datenschutzerkl\u00e4rungen von Google: <a href=\"https:\/\/support.google.com\/analytics\/answer\/6004245?hl=de\" target=\"_blank\" rel=\"noopener noreferrer\">https:\/\/support.google.com\/analytics\/answer\/6004245?hl=de<\/a><\/p>\n<p>&nbsp;<\/p>\n<h4>Datensicherheit<\/h4>\n<p>Unsere IT-Infrastruktur und organisatorische Sicherheitsma\u00dfnahmen entsprechen den aktuellen Standards und werden laufend optimiert, um Ihre Daten gegen zuf\u00e4llige oder vors\u00e4tzliche Manipulationen, teilweisen oder vollst\u00e4ndigen Verlust, Zerst\u00f6rung oder gegen den unbefugten Zugriff Dritter zu sch\u00fctzen. Unsere Sicherheitsma\u00dfnahmen werden fortlaufend, entsprechend technologischer Entwicklungen, verbessert.<br \/>\nUnabh\u00e4ngig hiervon werden die in der LockMyPix Anwendung importierten Dateien ausnahmslos mit dem Verschl\u00fcsselungsstandard AES CTR verschl\u00fcsselt.<\/p>\n<p>&nbsp;<\/p>\n<h4>Aktualit\u00e4t und \u00c4nderung dieser Datenschutzerkl\u00e4rung<\/h4>\n<p>Diese Datenschutzerkl\u00e4rung ist aktuell g\u00fcltig und hat den Stand 10.2021. Aufgrund ge\u00e4nderter gesetzlicher beziehungsweise beh\u00f6rdlicher Vorgaben kann es notwendig werden, diese Datenschutzerkl\u00e4rung zu \u00e4ndern. Die jeweils aktuelle Fassung finden Sie auf dieser Webseite. Die Datenschutzerkl\u00e4rung kann jederzeit eingesehen werden.\n<\/ul>\n<p><\/p>","protected":false},"excerpt":{"rendered":"<p>LockMyPix schreibt Datenschutz besonders gro\u00df. Wir unterliegen den strengen europ\u00e4ischen Datenschutzbestimmungen und versichern AES-Verschl\u00fcsselung f\u00fcr jede importierte Datei. Importierte Dateien werden niemals und unter keinen Umst\u00e4nden an unsere Server oder andere unbekannte Server gesendet. Diese Datenschutzhinweise gelten f\u00fcr die Datenverarbeitung durch LockMyPix, juristisch verantwortlich: LockMyPix GmbH &#038; Co. KG, An der Autobahn 37, 28876 Oyten, Deutschland. E-Mail: hello@lockmypix.com (Kein technischer Support unter dieser Adresse!) &nbsp; Allgemein LockMyPix sammelt keinerlei private Daten oder wertet private Daten [&hellip;]<\/p>\n","protected":false},"author":1,"featured_media":0,"parent":0,"menu_order":0,"comment_status":"closed","ping_status":"closed","template":"","meta":{"footnotes":""},"class_list":["post-875","page","type-page","status-publish","hentry","post"],"_links":{"self":[{"href":"https:\/\/lockmypix.com\/de\/wp-json\/wp\/v2\/pages\/875"}],"collection":[{"href":"https:\/\/lockmypix.com\/de\/wp-json\/wp\/v2\/pages"}],"about":[{"href":"https:\/\/lockmypix.com\/de\/wp-json\/wp\/v2\/types\/page"}],"author":[{"embeddable":true,"href":"https:\/\/lockmypix.com\/de\/wp-json\/wp\/v2\/users\/1"}],"replies":[{"embeddable":true,"href":"https:\/\/lockmypix.com\/de\/wp-json\/wp\/v2\/comments?post=875"}],"version-history":[{"count":15,"href":"https:\/\/lockmypix.com\/de\/wp-json\/wp\/v2\/pages\/875\/revisions"}],"predecessor-version":[{"id":1567,"href":"https:\/\/lockmypix.com\/de\/wp-json\/wp\/v2\/pages\/875\/revisions\/1567"}],"wp:attachment":[{"href":"https:\/\/lockmypix.com\/de\/wp-json\/wp\/v2\/media?parent=875"}],"curies":[{"name":"wp","href":"https:\/\/api.w.org\/{rel}","templated":true}]}}