{"id":990,"date":"2018-05-02T10:08:56","date_gmt":"2018-05-02T08:08:56","guid":{"rendered":"https:\/\/lockmypix.com\/?page_id=990"},"modified":"2023-11-30T20:26:09","modified_gmt":"2023-11-30T19:26:09","slug":"app-privacy","status":"publish","type":"page","link":"https:\/\/lockmypix.com\/de\/app-privacy\/","title":{"rendered":"Datenschutz"},"content":{"rendered":"<p><\/p>\n<div id=\"pl-990\" class=\"panel-layout\">\n<div id=\"pg-990-0\" class=\"panel-grid panel-no-style\" data-style=\"{&quot;background_display&quot;:&quot;tile&quot;,&quot;cell_alignment&quot;:&quot;flex-start&quot;,&quot;animation_repeat&quot;:&quot;&quot;,&quot;animation_hide&quot;:&quot;&quot;}\">\n<div id=\"pgc-990-0-0\" class=\"panel-grid-cell\" data-weight=\"1\">\n<div id=\"panel-990-0-0-0\" class=\"so-panel widget widget_sow-editor panel-first-child panel-last-child\" data-index=\"0\" data-style=\"{&quot;background_image_attachment&quot;:false,&quot;background_display&quot;:&quot;tile&quot;,&quot;animation_event&quot;:&quot;enter&quot;,&quot;animation_screen_offset&quot;:&quot;0&quot;,&quot;animation_duration&quot;:&quot;1&quot;,&quot;animation_repeat&quot;:&quot;&quot;,&quot;animation_hide&quot;:&quot;&quot;,&quot;animation_state_end&quot;:&quot;visible&quot;,&quot;animation_delay&quot;:&quot;0&quot;,&quot;animation_debounce&quot;:&quot;0.1&quot;}\">\n<div class=\"so-widget-sow-editor so-widget-sow-editor-base\">\n<div class=\"siteorigin-widget-tinymce textwidget\">LockMyPix schreibt Datenschutz besonders gro\u00df. Wir unterliegen den strengen europ\u00e4ischen Datenschutzbestimmungen und versichern AES-Verschl\u00fcsselung f\u00fcr jede importierte Datei. Importierte Dateien werden niemals und unter keinen Umst\u00e4nden an unsere Server oder andere unbekannte Server gesendet.<br \/>\nDiese Datenschutzhinweise gelten f\u00fcr die Datenverarbeitung durch LockMyPix, juristisch verantwortlich: LockMyPix GmbH &amp; Co. KG, An der Autobahn 37, 28876 Oyten, Deutschland. E-Mail: hello@lockmypix.com (Kein technischer Support unter dieser Adresse!)<\/div>\n<div><\/div>\n<\/p>\n<div class=\"siteorigin-widget-tinymce textwidget\">\n<p><b>Wir leben Privatsph\u00e4re.<\/b> Deshalb sind wir so transparent wir nur m\u00f6glich. Gesetzlich sind wir verpflichtet, die folgenden Klauseln aufzuf\u00fchren. Wenn auch wir ausschlie\u00dflich anonymisierte Daten zur Optimierung unserer Software nutzen.<\/p>\n<h4>Allgemein<\/h4>\n<p>LockMyPix sammelt keinerlei private Daten oder wertet private Daten aus. Unsere Nutzer m\u00fcssen keine Adress- oder Kontaktdaten angeben die eventuell missbraucht oder weitergegeben werden k\u00f6nnten. Es werden keine Dateien oder sonstige Daten auf unsere Server \u00fcbermittelt oder ausgewertet oder ohne die Zustimmung unserer Nutzer auf Backupserver ausgelagert (Cloud-Sicherung). Transparenz ist eines unserer wichtigsten G\u00fcter, daher werden alle Dateien die in LockMyPix importiert werden, ausschlie\u00dflich lokal, also auf dem Endger\u00e4t, gespeichert. Wenn die LockMyPix Cloud aktiv ist, werden Dateien auf den privaten Google Drive \/ Dropbox Account \u00fcbertragen. Eine \u00dcbertragung auf andere Server erfolgt nicht.<\/p>\n<p>&nbsp;<\/p>\n<h4>Welche Daten erheben wir?<\/h4>\n<p>Automatisch erhobene, statistische Daten f\u00fcr die Weiterentwicklung und Optimierung unserer Angebote, werden grundlegend anonymisiert (IP-Adresse unbekannt) und werden ausschlie\u00dflich nur dann erhoben, wenn du unsere Website oder App aufrufst oder mit uns z.B. per E-Mail in Kontakt trittst. Durch die Anonymisierung gibt es keinen Zusammenhang zwischen deiner Person und bspw. der Uhrzeit wann du unsere Software aufgerufen hast.<br \/>\nFolgende pers\u00f6nliche Daten erhalten wir eventuell bei der Kontaktaufnahme mit uns per E-Mail wenn du diese bereitstellst:<br \/>\n&#8211; Pers\u00f6nliche Angaben (z.B. Vor- und Nachnamen, Adresse, E-Mail-Adresse);<\/p>\n<p>Folgende pers\u00f6nliche Daten erhalten wir wenn du unsere Website aufrufst:<br \/>\n&#8211; z.B. Zuordnungsmerkmale mobiler Endger\u00e4te wie Useragent, Daten zu deinen Besuchen auf unserer Website wie Uhrzeit oder aufgerufene Seiten, Endger\u00e4te mit denen du unsere Website besucht hast<\/p>\n<p>Folgende pers\u00f6nliche Daten erhalten wir wenn du die LockMyPix App auf deinem Endger\u00e4t aufrufst:<br \/>\n&#8211; z.B. Berichte \u00fcber Probleme w\u00e4hrend der Nutzung, Zuordnungsmerkmale mobiler Endger\u00e4te wie Hersteller &amp; Modell, Nutzungsdauer der Anwendung<\/p>\n<p>&nbsp;<\/p>\n<h4>Wer erh\u00e4lt ggf. statistisch erhobene, personenbezogene Daten?<\/h4>\n<p>Eine \u00dcbermittlung deiner pers\u00f6nlichen Daten an Dritte, nicht in dieser Datenschutzerkl\u00e4rung genannten Dienstleiter, findet ausnahmslos nicht statt. Falls einzelne Funktionen der LockMyPix Website oder App auf beauftragte Dienstleister zur\u00fcckgreifen, informieren wir dich im Rahmen dieser Datenschutzerkl\u00e4rung im Detail \u00fcber die jeweiligen Vorg\u00e4nge.<\/p>\n<p>&nbsp;<\/p>\n<h4>Welchem Zweck dienen deine Daten und mit welcher Rechtfertigung d\u00fcrfen wir diese nutzen?<\/h4>\n<p>Automatisch erhobene, statistische Daten werden f\u00fcr die Weiterentwicklung und Optimierung unserer Angebote verwendet. Wenn du unsere Website ausschlie\u00dflich dazu nutzt, dich \u00fcber unsere Services zu informieren, erheben wir nur die personenbezogenen Daten, die dein Browser an unseren Server \u00fcbermittelt. Wenn du unsere Website betrachten m\u00f6chtest, erheben wir die folgenden Daten, die f\u00fcr uns technisch erforderlich sind, um dir unsere Website anzuzeigen und die Stabilit\u00e4t und Sicherheit zu gew\u00e4hrleisten (Art. 6 Abs. 1 S. 1 lit. f DSGVO):<\/p>\n<ul>\n<li>Datum und Uhrzeit der Anfrage<\/li>\n<li>Zeitzonendifferenz zur Greenwich Mean Time (GMT)<\/li>\n<li>Inhalt der Anforderung (konkrete Seite)<\/li>\n<li>Zugriffsstatus\/HTTP-Statuscode<\/li>\n<li>jeweils \u00fcbertragene Datenmenge<\/li>\n<li>Website, von der die Anforderung kommt<\/li>\n<li>Browser<\/li>\n<li>Betriebssystem und dessen Oberfl\u00e4che<\/li>\n<li>Sprache und Version der Browsersoftware.<\/li>\n<\/ul>\n<p>Zus\u00e4tzlich zu diesen Daten werden bei deiner Nutzung unserer Website auch Cookies auf deinem Rechner gespeichert. Bei Cookies handelt es sich um kleine Textdateien, die auf deiner Festplatte dem von dir verwendeten Browser zugeordnet gespeichert werden und durch welche der Stelle, die den Cookie setzt (in diesem Falle durch uns), bestimmte Informationen zuflie\u00dfen. Cookies k\u00f6nnen keine Programme ausf\u00fchren oder Viren auf deinen Computer \u00fcbertragen. Sie dienen einzig dazu, das Internetangebot insgesamt Nutzungsfreundlicher und effektiver zu machen.<\/p>\n<p>Einsatz von Cookies:<\/p>\n<ol>\n<li>Diese Website nutzt folgende Arten von Cookies, deren Umfang und Funktionsweise im Folgenden erl\u00e4utert werden:<\/li>\n<\/ol>\n<ul>\n<li>Transiente Cookies (dazu 2)<\/li>\n<li>Persistente Cookies (dazu 3).<\/li>\n<\/ul>\n<ol>\n<li value=\"2\">Transiente Cookies werden automatisiert gel\u00f6scht, wenn du den Browser schlie\u00dft. Dazu z\u00e4hlen insbesondere die Session-Cookies. Diese speichern eine sogenannte Session-ID, mit welcher sich verschiedene Anfragen deines Browsers der gemeinsamen Sitzung zuordnen lassen. Dadurch kann dein Rechner wiedererkannt werden, wenn du auf unsere Website zur\u00fcckkehrst. Die Session-Cookies werden gel\u00f6scht, wenn du dich ausloggst oder den Browser schlie\u00dft.<\/li>\n<\/ol>\n<ol>\n<li value=\"3\">Persistente Cookies werden automatisiert nach einer vorgegebenen Dauer gel\u00f6scht, die sich je nach Cookie unterscheiden kann. Du kannst die Cookies in den Sicherheitseinstellungen deines Browsers jederzeit l\u00f6schen.<\/li>\n<\/ol>\n<ol>\n<li value=\"4\">Du kannst deine Browser-Einstellung entsprechend deinen W\u00fcnschen konfigurieren und z.\u2009B. die Annahme von Third-Party-Cookies oder allen Cookies ablehnen. Wir weisen dich darauf hin, dass du so dann eventuell nicht alle Funktionen unserer Website nutzen kannst.<\/li>\n<\/ol>\n<p>M\u00f6chtest du per E-Mail mit uns in Kontakt treten, werden die von dir mitgeteilten Daten von uns gespeichert, um dein Anliegen zu beantworten. Die in diesem Zusammenhang anfallenden Daten l\u00f6schen wir, nachdem die Speicherung nicht mehr erforderlich ist, oder schr\u00e4nken die Verarbeitung ein, falls gesetzliche Aufbewahrungspflichten bestehen (Rechtsgrundlage ist Art. 6 Abs. 1 S. 1 lit. b DSGVO).<\/p>\n<p>&nbsp;<\/p>\n<h4>App-Berechtigungen<\/h4>\n<p>Alle App-Berechtigungen die f\u00fcr die korrekte Funktion von LockMyPix notwendig sind, werden nicht missbraucht oder anderweitig verwendet, als vorgesehen.<\/p>\n<p>&nbsp;<\/p>\n<h4>Passwortwiederherstellung<\/h4>\n<p>Dein LockMyPix Passwort ist privat und nur dir bekannt. LockMyPix speichert das Passwort nicht und kennt das Passwort nicht, sondern verwendet es f\u00fcr die Verschl\u00fcsselung deiner wichtigen Dateien. Um dein Passwort wiederherzustellen sofern du es einmal vergessen solltest, kannst du eine E-Mail Adresse hinterlegen. LockMyPix speichert dein Passwort dann verschl\u00fcsselt auf unseren Servern ohne die Zuweisung zu einem LockMyPix Datensafe oder die M\u00f6glichkeit irgendeinen R\u00fcckschluss zu erzeugen. Die angegebene E-Mail Adresse wird ausschlie\u00dflich f\u00fcr die Passwortwiederherstellung verwendet und nicht weitergegeben. Die Passwortwiederherstellung per E-Mail kannst du jederzeit in den Einstellungen deaktivieren und l\u00f6schen (ab V. 2.7.5 bzw. 4.5.4).<\/p>\n<p>&nbsp;<\/p>\n<h4>Google Analytics &amp; Firebase<\/h4>\n<p>LockMyPix verwendet zur Funktions- und Bug-Kontrolle die Dienste von Google Analytics und Google Firebase, einen Webanalysedienst der Google Inc. (\u201eGoogle\u201c). Google Analytics f\u00fcr Firebase ist \u00fcber ein sogenanntes Software Development Kit (SDK) in der Lage, eine einfache Analyse der Benutzung der App durch dich zu erm\u00f6glichen. Dabei werden keinerlei sensiblen Daten gesammelt. Die erzeugten Informationen \u00fcber deine Benutzung von LockMyPix werden an einen Server von Google in der EU \u00fcbertragen und dort gespeichert. Aufgrund der Aktivierung der IP-Anonymisierung in LockMyPix, wird deine IP-Adresse von Google innerhalb von Mitgliedstaaten der Europ\u00e4ischen Union oder in anderen Vertragsstaaten des Abkommens \u00fcber den Europ\u00e4ischen Wirtschaftsraum gek\u00fcrzt bzw. anonymisiert.<\/p>\n<p>Wir nutzen Google Analytics f\u00fcr Firebase, um die Nutzung unserer App analysieren und regelm\u00e4\u00dfig verbessern zu k\u00f6nnen. \u00dcber die gewonnenen Statistiken k\u00f6nnen wir unser Angebot verbessern und f\u00fcr dich als Nutzer optimieren. F\u00fcr Ausnahmef\u00e4lle, in denen personenbezogene Daten in die USA \u00fcbertragen werden, hat sich Google dem EU-US Privacy Shield unterworfen, https:\/\/www.privacyshield.gov\/EU-US-Framework. Rechtsgrundlage f\u00fcr die Speicherung des Cookies ist die erteilte Einwilligung (Art. 6 Abs. 1 S. 1 lit. a DS-GVO). Die weitere Auswertung der erhobenen Daten mittels Google Analytics f\u00fcr Firebase erfolgt \u00fcber einen Zeitraum von 26 Monaten auf Grundlage von Art. 6 Abs. 1 S. 1 lit. f DS-GVO.<\/p>\n<p>N\u00e4here Informationen hierzu findest du auch unter https:\/\/www.google.de\/intl\/de\/policies\/privacy\/ (allgemeine Informationen zu Google Analytics f\u00fcr Firebase und Datenschutz).<\/p>\n<p>\u00dcbertragung von Daten zur Fehleranalyse<\/p>\n<p>LockMyPix nutzt Firebase Crashlytics, ein Fehleranalysetool der Google Inc. (\u201eGoogle\u201c). Crashlytics ist \u00fcber ein sogenanntes Software Development Kit (SDK) in der Lage, Daten von auftretenden Fehlern in der App, z.B. bei Abst\u00fcrzen, an Crashlytics zu \u00fcbertragen. Die erzeugten Information \u00fcber das Fehlerverhalten dieser App werden an einen Server von Google in der EU \u00fcbertragen und dort gespeichert. \u00dcbertragen werden dabei Zustandsinformationen der App und des Ger\u00e4ts, Betriebssysteminformationen und Hardware-Informationen. Dabei werden keinerlei sensiblen Daten gesammelt. Dar\u00fcber hinaus wird eine zufallsgenerierte ID \u00fcbertragen, die das Ger\u00e4t identifiziert. Diese ID wird mit jeder Installation neu generiert. Im unserem Auftrag wird Google diese Informationen benutzen, um das Fehlerverhalten der App auszuwerten und um Reports \u00fcber die App-Abst\u00fcrze zusammenzustellen.<\/p>\n<p>Wir nutzen Crashlytics, um die Performance von LockMyPix zu analysieren und auftretende Fehler schnell beheben zu k\u00f6nnen. \u00dcber die gewonnenen Erkenntnisse k\u00f6nnen wir LockMyPix f\u00fcr dich verbessern. F\u00fcr Ausnahmef\u00e4lle, in denen personenbezogene Daten in die USA \u00fcbertragen werden, hat sich Google dem EU-US Privacy Shield unterworfen, https:\/\/www.privacyshield.gov\/EU-US-Framework. Rechtsgrundlage f\u00fcr die Speicherung des Cookies ist die erteilte Einwilligung (Art. 6 Abs. 1 S. 1 lit. a DS-GVO). Die weitere Auswertung der erhobenen Daten mittels Google Analytics erfolgt \u00fcber einen Zeitraum von 26 Monaten auf Grundlage von Art. 6 Abs. 1 S. 1 lit. f DS-GVO.<\/p>\n<p>N\u00e4here Informationen hierzu findest du auch unter https:\/\/www.google.de\/intl\/de\/policies\/privacy\/ (allgemeine Informationen zu Google Analytics und Datenschutz) und https:\/\/firebase.google.com\/terms\/crashlytics-app-distribution-data-processing-terms (Spezifische Informationen zu Crashlytics)<\/p>\n<p>Die Funktions- und Bug-Kontrolle kann in den App-Einstellungen von LockMyPix deaktiviert werden.<br \/>\nDar\u00fcber hinaus kann im Google Konto grundlegend festlegt werden, wie Google mit Nutzerdaten umgehen darf.<\/p>\n<p>&nbsp;<\/p>\n<h4>Werbung<\/h4>\n<p>Sofern Werbung innerhalb von LockMyPix eingeblendet wird, wird die Werbeeinblendung von Google AdMob, Applovin oder Facebook bereitgestellt. <strong>Werbung ist in LockMyPix Premium nicht vorhanden. <\/strong>Zudem wird in LockMyPix Premium kein Werbeanbieter aktiviert.<\/p>\n<\/div>\n<p>Wir nutzen die Dienste der Google Ireland Limited, Gordon House, Barrow Street, Dublin 4, Irland (\u201eGoogle\u201c).<\/p>\n<p>Unsere App nutzt Technologien von Google AdMob zur Anzeige von personalisierter Werbung. Daher \u00fcbermitteln wir deine IP-Adresse an den Dienst Google AdMob in die USA (Google Inc., 1600 Amphitheatre Parkway, Mountain View, CA 94043, USA). Weiterhin nutzt LockMyPix Technologien von Meta Platforms Ireland Limited, 4 Grand Canal Square, Dublin 2, Irland (\u201eFacebook\u201c) zur Anzeige von personalisierter Werbung. Daher \u00fcbermitteln wir deine IP-Adresse an den Dienst von Meta eventuell in die USA. Weiterhin nutzt LockMyPix Technologien von AppLovin Corporation, 640 2nd St, San Francisco, CA 94107, USA (\u201eAppLovin\u201c) zur Anzeige von personalisierter Werbung. Daher \u00fcbermitteln wir deine IP-Adresse an den Dienst von AppLovin in die EU und eventuell in die USA. Sowie deine Werbe-ID ausschlie\u00dflich nur dann, wenn du personalisierter Werbung zustimmst. Die Werbe-ID ist ein Pseudonym, unter dem generelle Informationen \u00fcber dein Surfverhalten gespeichert werden. In unserem Auftrag verarbeitet Google die Daten um auf dich zugeschnittene, personalisierte, Werbung zu schalten.<\/p>\n<p>Sofern wir die Nutzer um eine Einwilligung bitten (z.B. im Rahmen einer Cookie-Einwilligung), ist die Rechtsgrundlage dieser Verarbeitung Art. 6 Abs. 1 lit. a. DSGVO. Ansonsten werden die personenbezogenen Daten der Nutzer auf Grundlage unserer berechtigten Interessen (d.h. Interesse an der Analyse, Optimierung und wirtschaftlichem Betrieb unseres Onlineangebotes und den Mobile Apps im Sinne des Art. 6 Abs. 1 lit. f. DSGVO) verarbeitet.<\/p>\n<p>Soweit Daten in den USA verarbeitet werden, weisen wir daraufhin, dass Google sowie Meta unter dem Privacy-Shield-Abkommen zertifiziert sind und hierdurch zusichern, das europ\u00e4ische Datenschutzrecht einzuhalten (https:\/\/www.privacyshield.gov\/participant?id=a2zt000000001L5AAI&amp;status=Active, https:\/\/www.privacyshield.gov\/participant?id=a2zt0000000GnywAAC&amp;status=Active).<\/p>\n<p>Die Datenschutzerkl\u00e4rung von Google findest du hier : https:\/\/www.google.com\/policies\/privacy\/. Die Daten werden auf Servern in den USA gespeichert. Die Datenschutzerkl\u00e4rung von Meta findest du hier : https:\/\/www.facebook.com\/privacy\/policy\/. Die Daten werden auf Servern in den USA gespeichert. Die Datenschutzerkl\u00e4rung von AppLovin findest du hier : https:\/\/www.applovin.com\/privacy\/. Die Daten werden auf Servern in den USA gespeichert.<\/p>\n<p>Weitere Informationen zur Datennutzung durch Google, Einstellungs- und Widerspruchsm\u00f6glichkeiten, erf\u00e4hrst du in der Datenschutzerkl\u00e4rung von Google (https:\/\/policies.google.com\/technologies\/ads) sowie in den Einstellungen f\u00fcr die Darstellung von Werbeeinblendungen durch Google (https:\/\/adssettings.google.com\/authenticated).<\/p>\n<p>Weitere Informationen zur Datennutzung durch Meta, Einstellungs- und Widerspruchsm\u00f6glichkeiten, erf\u00e4hrst du in der Datenschutzerkl\u00e4rung von Meta (https:\/\/www.facebook.com\/privacy\/policy\/).<\/p>\n<p>Weitere Informationen zur Datennutzung durch AppLovin, Einstellungs- und Widerspruchsm\u00f6glichkeiten, erf\u00e4hrst du in der Datenschutzerkl\u00e4rung von AppLovin(https:\/\/www.applovin.com\/privacy\/).<\/p>\n<div class=\"siteorigin-widget-tinymce textwidget\">\n<p>Weitere Informationen zu Datenverarbeitungen \u00fcber Facebook Ads findest du in der Datenrichtlinie von Facebook unter https:\/\/de-de.facebook.com\/privacy\/explanation.<\/p>\n<p>Du kannst personalisierte Werbung jederzeit in LockMyPix deaktivieren. \u00d6ffne hierf\u00fcr die Einstellungen.<\/p>\n<h4>Datensicherheit<\/h4>\n<p>Unsere IT-Infrastruktur und organisatorische Sicherheitsma\u00dfnahmen entsprechen den aktuellen Standards und werden laufend optimiert, um deine Daten gegen zuf\u00e4llige oder vors\u00e4tzliche Manipulationen, teilweisen oder vollst\u00e4ndigen Verlust, Zerst\u00f6rung oder gegen den unbefugten Zugriff Dritter zu sch\u00fctzen. Unsere Sicherheitsma\u00dfnahmen werden fortlaufend, entsprechend technologischer Entwicklungen, verbessert.<br \/>\nUnabh\u00e4ngig hiervon werden die in der LockMyPix Anwendung importierten Dateien ausnahmslos mit dem Verschl\u00fcsselungsstandard AES CTR verschl\u00fcsselt.<\/p>\n<\/div>\n<\/div>\n<\/div>\n<\/div>\n<\/div>\n<p>&nbsp;<\/p>\n<div id=\"pg-990-0\" class=\"panel-grid panel-no-style\" data-style=\"{&quot;background_display&quot;:&quot;tile&quot;,&quot;cell_alignment&quot;:&quot;flex-start&quot;,&quot;animation_repeat&quot;:&quot;&quot;,&quot;animation_hide&quot;:&quot;&quot;}\">\n<div id=\"pgc-990-0-0\" class=\"panel-grid-cell\" data-weight=\"1\">\n<div id=\"panel-990-0-0-0\" class=\"so-panel widget widget_sow-editor panel-first-child panel-last-child\" data-index=\"0\" data-style=\"{&quot;background_image_attachment&quot;:false,&quot;background_display&quot;:&quot;tile&quot;,&quot;animation_event&quot;:&quot;enter&quot;,&quot;animation_screen_offset&quot;:&quot;0&quot;,&quot;animation_duration&quot;:&quot;1&quot;,&quot;animation_repeat&quot;:&quot;&quot;,&quot;animation_hide&quot;:&quot;&quot;,&quot;animation_state_end&quot;:&quot;visible&quot;,&quot;animation_delay&quot;:&quot;0&quot;,&quot;animation_debounce&quot;:&quot;0.1&quot;}\">\n<div class=\"so-widget-sow-editor so-widget-sow-editor-base\">\n<div class=\"siteorigin-widget-tinymce textwidget\">\n<h4>Aktualit\u00e4t und \u00c4nderung dieser Datenschutzerkl\u00e4rung<\/h4>\n<p>Diese Datenschutzerkl\u00e4rung ist aktuell g\u00fcltig und hat den Stand 10.2021. Aufgrund ge\u00e4nderter gesetzlicher beziehungsweise beh\u00f6rdlicher Vorgaben kann es notwendig werden, diese Datenschutzerkl\u00e4rung zu \u00e4ndern. Die jeweils aktuelle Fassung findest du auf dieser Webseite. Die Datenschutzerkl\u00e4rung kann jederzeit eingesehen werden.<\/p>\n<\/div>\n<\/div>\n<\/div>\n<\/div>\n<\/div>\n<\/div>\n<p><\/p>","protected":false},"excerpt":{"rendered":"<p>LockMyPix schreibt Datenschutz besonders gro\u00df. Wir unterliegen den strengen europ\u00e4ischen Datenschutzbestimmungen und versichern AES-Verschl\u00fcsselung f\u00fcr jede importierte Datei. Importierte Dateien werden niemals und unter keinen Umst\u00e4nden an unsere Server oder andere unbekannte Server gesendet. Diese Datenschutzhinweise gelten f\u00fcr die Datenverarbeitung durch LockMyPix, juristisch verantwortlich: LockMyPix GmbH &amp; Co. KG, An der Autobahn 37, 28876 Oyten, Deutschland. E-Mail: hello@lockmypix.com (Kein technischer Support unter dieser Adresse!) Wir leben Privatsph\u00e4re. Deshalb sind wir so transparent wir nur m\u00f6glich. [&hellip;]<\/p>\n","protected":false},"author":1,"featured_media":0,"parent":0,"menu_order":0,"comment_status":"closed","ping_status":"closed","template":"","meta":{"footnotes":""},"class_list":["post-990","page","type-page","status-publish","hentry","post"],"_links":{"self":[{"href":"https:\/\/lockmypix.com\/de\/wp-json\/wp\/v2\/pages\/990","targetHints":{"allow":["GET"]}}],"collection":[{"href":"https:\/\/lockmypix.com\/de\/wp-json\/wp\/v2\/pages"}],"about":[{"href":"https:\/\/lockmypix.com\/de\/wp-json\/wp\/v2\/types\/page"}],"author":[{"embeddable":true,"href":"https:\/\/lockmypix.com\/de\/wp-json\/wp\/v2\/users\/1"}],"replies":[{"embeddable":true,"href":"https:\/\/lockmypix.com\/de\/wp-json\/wp\/v2\/comments?post=990"}],"version-history":[{"count":19,"href":"https:\/\/lockmypix.com\/de\/wp-json\/wp\/v2\/pages\/990\/revisions"}],"predecessor-version":[{"id":1856,"href":"https:\/\/lockmypix.com\/de\/wp-json\/wp\/v2\/pages\/990\/revisions\/1856"}],"wp:attachment":[{"href":"https:\/\/lockmypix.com\/de\/wp-json\/wp\/v2\/media?parent=990"}],"curies":[{"name":"wp","href":"https:\/\/api.w.org\/{rel}","templated":true}]}}